{"id":20,"date":"2022-01-17T18:34:31","date_gmt":"2022-01-17T17:34:31","guid":{"rendered":"http:\/\/gvjv.fr\/site\/?page_id=20"},"modified":"2025-09-14T11:51:13","modified_gmt":"2025-09-14T09:51:13","slug":"liste-des-cours","status":"publish","type":"page","link":"https:\/\/gvjv.fr\/site\/index.php\/liste-des-cours\/","title":{"rendered":"Liste des cours 2025-2026"},"content":{"rendered":"\n<p class=\"has-vivid-purple-color has-text-color\"><strong>GV-JV propose 37 cours pour adultes par semaine : <a href=\"https:\/\/gvjv.fr\/site\/wp-content\/uploads\/2025\/09\/Planning-des-cours-25-26.pdf\" target=\"_blank\" rel=\"noreferrer noopener\">cliquez ici pour voir le tableau<\/a><\/strong><\/p>\n\n\n\n<p class=\"has-vivid-purple-color has-text-color\"><strong>et 11 cours pour enfants : <a href=\"https:\/\/gvjv.fr\/site\/wp-content\/uploads\/2025\/06\/A-031306-GYMNASTIQUE-ENFANTS-SAISON-2025-2026-2.pdf\" data-type=\"link\" data-id=\"https:\/\/gvjv.fr\/site\/wp-content\/uploads\/2025\/06\/A-031306-GYMNASTIQUE-ENFANTS-SAISON-2025-2026-2.pdf\" target=\"_blank\" rel=\"noreferrer noopener\">cliquez ici pour voir le tableau<\/a><\/strong><\/p>\n\n\n\n<p class=\"has-luminous-vivid-orange-color has-text-color\"><strong>Pr\u00e9cisions<\/strong> :<\/p>\n\n\n\n<p class=\"has-luminous-vivid-orange-color has-text-color\"><strong>Les cours de multi-activit\u00e9s <\/strong>comprennent des parcours de motricit\u00e9, des jeux collectifs, des sports de combat, des comptines et danses&#8230;<\/p>\n\n\n\n<p class=\"has-luminous-vivid-orange-color has-text-color\"><strong>Le parcours de motricit\u00e9 <\/strong>est une succession d&rsquo;\u00e9tapes \u00e0 r\u00e9aliser, adapt\u00e9es \u00e0 l&rsquo;\u00e2ge de l&rsquo;enfant. L&rsquo;atelier&nbsp;se compose de divers mat\u00e9riels, diff\u00e9rents obstacles qu\u2019il peut parcourir en tous sens, \u00e0 sa fa\u00e7on, \u00e0 son rythme : de quoi grimper \u00e0 des hauteurs diff\u00e9rentes, descendre, monter, sauter, passer dessous, dessus, entre, se mettre dans diverses positions, enjamber, glisser, rouler, reculer, sauter, jouer avec son \u00e9quilibre, manipuler, d\u00e9placer, soulever..<\/p>\n\n\n\n<p class=\"has-luminous-vivid-orange-color has-text-color\"><strong>Les cours de gym acrobatique<\/strong> comprennent des cycles d&rsquo;agr\u00e8s : barres parall\u00e8les, poutre, corde&#8230;<\/p>\n\n\n\n<p class=\"has-vivid-cyan-blue-color has-text-color\"><strong>Pour vous rendre aux cours adultes, n\u2019oubliez pas&nbsp;:<\/strong> un tapis, une serviette \u00e9ponge, une paire de chaussures de sport, une bouteille d\u2019eau. Interdiction d\u2019\u00eatre pieds nus : des chaussettes de sport \u00e0 picot antid\u00e9rapantes peuvent \u00eatre utilis\u00e9e, par exemple, pour le pilates. <\/p>\n\n\n\n<p class=\"has-vivid-cyan-blue-color has-text-color\"><strong>Pour les enfants : <\/strong>une tenue confortable<\/p>\n","protected":false},"excerpt":{"rendered":"<p>GV-JV propose 37 cours pour adultes par semaine : cliquez ici pour voir le tableau et 11 cours pour enfants : cliquez ici pour voir le tableau Pr\u00e9cisions : Les&#8230;.<\/p>\n","protected":false},"author":1,"featured_media":0,"parent":0,"menu_order":0,"comment_status":"closed","ping_status":"closed","template":"","meta":{"footnotes":""},"class_list":["post-20","page","type-page","status-publish","hentry"],"_links":{"self":[{"href":"https:\/\/gvjv.fr\/site\/index.php\/wp-json\/wp\/v2\/pages\/20","targetHints":{"allow":["GET"]}}],"collection":[{"href":"https:\/\/gvjv.fr\/site\/index.php\/wp-json\/wp\/v2\/pages"}],"about":[{"href":"https:\/\/gvjv.fr\/site\/index.php\/wp-json\/wp\/v2\/types\/page"}],"author":[{"embeddable":true,"href":"https:\/\/gvjv.fr\/site\/index.php\/wp-json\/wp\/v2\/users\/1"}],"replies":[{"embeddable":true,"href":"https:\/\/gvjv.fr\/site\/index.php\/wp-json\/wp\/v2\/comments?post=20"}],"version-history":[{"count":24,"href":"https:\/\/gvjv.fr\/site\/index.php\/wp-json\/wp\/v2\/pages\/20\/revisions"}],"predecessor-version":[{"id":628,"href":"https:\/\/gvjv.fr\/site\/index.php\/wp-json\/wp\/v2\/pages\/20\/revisions\/628"}],"wp:attachment":[{"href":"https:\/\/gvjv.fr\/site\/index.php\/wp-json\/wp\/v2\/media?parent=20"}],"curies":[{"name":"wp","href":"https:\/\/api.w.org\/{rel}","templated":true}]}}