{"id":383,"date":"2023-07-02T17:39:00","date_gmt":"2023-07-02T15:39:00","guid":{"rendered":"https:\/\/gvjv.fr\/site\/?page_id=383"},"modified":"2025-07-10T21:45:28","modified_gmt":"2025-07-10T19:45:28","slug":"pour-sinscrire","status":"publish","type":"page","link":"https:\/\/gvjv.fr\/site\/index.php\/pour-sinscrire\/","title":{"rendered":"Pour s&rsquo;inscrire"},"content":{"rendered":"\n<p class=\"has-luminous-vivid-orange-color has-text-color\"><strong>Vous trouverez, ici, tous nos documents pour s&rsquo;inscrire :<\/strong><\/p>\n\n\n\n<p class=\"has-vivid-purple-color has-text-color\"><strong>COURS ENFANTS :<\/strong><\/p>\n\n\n\n<p><strong>TARIFS ANNUELS ENFANTS 2025-2026<\/strong><\/p>\n\n\n\n<figure class=\"wp-block-table\"><table class=\"has-fixed-layout\"><tbody><tr><td>&nbsp;<\/td><td>Cours 1h<\/td><td>Cours 1h30<\/td><\/tr><tr><td>Plaisan\u00e7ois<\/td><td>110 \u20ac<\/td><td>160 \u20ac<\/td><\/tr><tr><td>Ext\u00e9rieurs<\/td><td>120 \u20ac<\/td><td>170 \u20ac<\/td><\/tr><\/tbody><\/table><\/figure>\n\n\n\n<p>Pour une seconde inscription dans une m\u00eame fratrie, vous b\u00e9n\u00e9ficiez d\u2019une r\u00e9duction de 10 \u20ac.<\/p>\n\n\n\n<p><a href=\"https:\/\/gvjv.fr\/site\/wp-content\/uploads\/2025\/06\/Courrier-inscriptions-enfants-2025-2026-1.pdf\" data-type=\"link\" data-id=\"https:\/\/gvjv.fr\/site\/wp-content\/uploads\/2025\/06\/Courrier-inscriptions-enfants-2025-2026-1.pdf\" target=\"_blank\" rel=\"noreferrer noopener\">Courrier r\u00e9capitulatif enfants<\/a><\/p>\n\n\n\n<p><a href=\"https:\/\/gvjv.fr\/site\/wp-content\/uploads\/2025\/06\/GV-JV-bulletin-dinscription-enfants-2025-2026-1.pdf\" data-type=\"link\" data-id=\"https:\/\/gvjv.fr\/site\/wp-content\/uploads\/2025\/06\/GV-JV-bulletin-dinscription-enfants-2025-2026-1.pdf\" target=\"_blank\" rel=\"noreferrer noopener\">Fiche d&rsquo;inscription enfant<\/a><\/p>\n\n\n\n<p><a href=\"https:\/\/gvjv.fr\/site\/wp-content\/uploads\/2025\/06\/Questionnaire-de-sante-mineurs-1.pdf\" data-type=\"link\" data-id=\"https:\/\/gvjv.fr\/site\/wp-content\/uploads\/2025\/06\/Questionnaire-de-sante-mineurs-1.pdf\" target=\"_blank\" rel=\"noreferrer noopener\">Questionnaire sant\u00e9 enfant<\/a><\/p>\n\n\n\n<p><a href=\"https:\/\/gvjv.fr\/site\/wp-content\/uploads\/2025\/06\/Reglement-interieur-GV-Enfants-2025-2026.pdf\" data-type=\"link\" data-id=\"https:\/\/gvjv.fr\/site\/wp-content\/uploads\/2025\/06\/Reglement-interieur-GV-Enfants-2025-2026.pdf\" target=\"_blank\" rel=\"noreferrer noopener\">R\u00e8glement int\u00e9rieur enfant<\/a><\/p>\n\n\n\n<hr class=\"wp-block-separator has-css-opacity is-style-wide\"\/>\n\n\n\n<p class=\"has-vivid-purple-color has-text-color\"><strong>COURS ADULTES :<\/strong><\/p>\n\n\n\n<p><strong>TARIFS ANNUELS ADULTES 2025-202<\/strong>6<br>130 \u20ac pour les personnes domicili\u00e9es \u00e0 Plaisance<br>150 \u20ac pour les personnes ext\u00e9rieures \u00e0 Plaisance<br>100 \u20ac pour les cours s\u00e9niors adapt\u00e9s (cette inscription ne donne pas droit \u00e0 d\u2019autres cours au sein de GV-JV)<br>80 \u20ac pour les moins de 18 ans et les \u00e9tudiants jusqu\u2019\u00e0 25 ans (sur pr\u00e9sentation de la carte d\u2019\u00e9tudiant)<\/p>\n\n\n\n<p><a href=\"https:\/\/gvjv.fr\/site\/wp-content\/uploads\/2025\/06\/Courrier-inscriptions-adultes-25-26.pdf\" data-type=\"link\" data-id=\"https:\/\/gvjv.fr\/site\/wp-content\/uploads\/2025\/06\/Courrier-inscriptions-adultes-25-26.pdf\" target=\"_blank\" rel=\"noreferrer noopener\">Courrier r\u00e9capitulatif adultes<\/a><\/p>\n\n\n\n<p><a href=\"https:\/\/gvjv.fr\/site\/wp-content\/uploads\/2025\/06\/Bulletin-dinscription-renouvellement-25-26.pdf\" data-type=\"link\" data-id=\"https:\/\/gvjv.fr\/site\/wp-content\/uploads\/2025\/06\/Bulletin-dinscription-renouvellement-25-26.pdf\" target=\"_blank\" rel=\"noreferrer noopener\">Fiche d&rsquo;inscription adulte renouvellement<\/a><\/p>\n\n\n\n<p><a href=\"https:\/\/gvjv.fr\/site\/wp-content\/uploads\/2025\/06\/Bulletin-dinscription-nouvel-adherent-25-26.pdf\" data-type=\"link\" data-id=\"https:\/\/gvjv.fr\/site\/wp-content\/uploads\/2025\/06\/Bulletin-dinscription-nouvel-adherent-25-26.pdf\" target=\"_blank\" rel=\"noreferrer noopener\">Fiche d&rsquo;inscription adulte nouvel adh\u00e9rent<\/a><\/p>\n\n\n\n<p><a href=\"https:\/\/gvjv.fr\/site\/wp-content\/uploads\/2024\/07\/187-ANNEXE-3-Questionnaire-de-sante-pour-le-sportif-majeur-2024-2025.pdf\" data-type=\"URL\" data-id=\"https:\/\/gvjv.fr\/site\/wp-content\/uploads\/2024\/07\/187-ANNEXE-3-Questionnaire-de-sante-pour-le-sportif-majeur-2024-2025.pdf\" target=\"_blank\" rel=\"noreferrer noopener\">Questionnaire sant\u00e9 adulte<\/a><\/p>\n\n\n\n<p><a href=\"https:\/\/gvjv.fr\/site\/wp-content\/uploads\/2025\/06\/Reglement-interieur-25-26.pdf\" data-type=\"link\" data-id=\"https:\/\/gvjv.fr\/site\/wp-content\/uploads\/2025\/06\/Reglement-interieur-25-26.pdf\" target=\"_blank\" rel=\"noreferrer noopener\">R\u00e8glement int\u00e9rieur adultes<\/a><\/p>\n\n\n\n<p><a href=\"https:\/\/gvjv.fr\/site\/wp-content\/uploads\/2025\/06\/Autorisation-parentale.pdf\" data-type=\"link\" data-id=\"https:\/\/gvjv.fr\/site\/wp-content\/uploads\/2025\/06\/Autorisation-parentale.pdf\" target=\"_blank\" rel=\"noreferrer noopener\">Autorisation parentale jeunes 16-17 ans cours adultes<\/a><\/p>\n","protected":false},"excerpt":{"rendered":"<p>Vous trouverez, ici, tous nos documents pour s&rsquo;inscrire : COURS ENFANTS : TARIFS ANNUELS ENFANTS 2025-2026 &nbsp; Cours 1h Cours 1h30 Plaisan\u00e7ois 110 \u20ac 160 \u20ac Ext\u00e9rieurs 120 \u20ac 170&#8230;.<\/p>\n","protected":false},"author":1,"featured_media":0,"parent":0,"menu_order":3,"comment_status":"closed","ping_status":"closed","template":"","meta":{"footnotes":""},"class_list":["post-383","page","type-page","status-publish","hentry"],"_links":{"self":[{"href":"https:\/\/gvjv.fr\/site\/index.php\/wp-json\/wp\/v2\/pages\/383","targetHints":{"allow":["GET"]}}],"collection":[{"href":"https:\/\/gvjv.fr\/site\/index.php\/wp-json\/wp\/v2\/pages"}],"about":[{"href":"https:\/\/gvjv.fr\/site\/index.php\/wp-json\/wp\/v2\/types\/page"}],"author":[{"embeddable":true,"href":"https:\/\/gvjv.fr\/site\/index.php\/wp-json\/wp\/v2\/users\/1"}],"replies":[{"embeddable":true,"href":"https:\/\/gvjv.fr\/site\/index.php\/wp-json\/wp\/v2\/comments?post=383"}],"version-history":[{"count":15,"href":"https:\/\/gvjv.fr\/site\/index.php\/wp-json\/wp\/v2\/pages\/383\/revisions"}],"predecessor-version":[{"id":608,"href":"https:\/\/gvjv.fr\/site\/index.php\/wp-json\/wp\/v2\/pages\/383\/revisions\/608"}],"wp:attachment":[{"href":"https:\/\/gvjv.fr\/site\/index.php\/wp-json\/wp\/v2\/media?parent=383"}],"curies":[{"name":"wp","href":"https:\/\/api.w.org\/{rel}","templated":true}]}}